{"id":2670,"date":"2019-09-30T12:14:38","date_gmt":"2019-09-30T12:14:38","guid":{"rendered":"http:\/\/portosdosacores.pt\/en\/armadores-cruzeiros\/"},"modified":"2019-11-28T12:27:54","modified_gmt":"2019-11-28T12:27:54","slug":"cruise-ship-owners","status":"publish","type":"page","link":"https:\/\/portosdosacores.pt\/en\/cruise-ship-owners\/","title":{"rendered":"Cruise Ship Owners"},"content":{"rendered":"<p>Os A\u00e7ores t\u00eam recebido escalas de navios de cruzeiros operados por diferentes companhias e armadores, cujos log\u00f3tipos e hiperliga\u00e7\u00f5es s\u00e3o apresentados imediatamente abaixo:<\/p>\n<table class=\" aligncenter\">\n<tbody>\n<tr>\n<td><a href=\"https:\/\/www.aida.de\/\" target=\"_blank\" rel=\"noopener noreferrer\"><img loading=\"lazy\" class=\"wp-image-1996 aligncenter\" src=\"http:\/\/portosdosacores.pt\/wp-content\/uploads\/2019\/10\/logo_aida.jpg\" alt=\"\" width=\"160\" height=\"120\" srcset=\"https:\/\/portosdosacores.pt\/wp-content\/uploads\/2019\/10\/logo_aida.jpg 800w, https:\/\/portosdosacores.pt\/wp-content\/uploads\/2019\/10\/logo_aida-300x225.jpg 300w, https:\/\/portosdosacores.pt\/wp-content\/uploads\/2019\/10\/logo_aida-768x576.jpg 768w\" sizes=\"(max-width: 160px) 100vw, 160px\" \/><\/a><\/td>\n<td><a href=\"https:\/\/www.azamara.com\/int\" target=\"_blank\" rel=\"noopener noreferrer\"><img loading=\"lazy\" class=\"wp-image-1998 aligncenter\" src=\"http:\/\/portosdosacores.pt\/wp-content\/uploads\/2019\/10\/logo_azamara.jpg\" alt=\"\" width=\"305\" height=\"120\" srcset=\"https:\/\/portosdosacores.pt\/wp-content\/uploads\/2019\/10\/logo_azamara.jpg 683w, https:\/\/portosdosacores.pt\/wp-content\/uploads\/2019\/10\/logo_azamara-300x118.jpg 300w\" sizes=\"(max-width: 305px) 100vw, 305px\" \/><\/a><\/td>\n<td><a href=\"https:\/\/www.carnival.com\/\" target=\"_blank\" rel=\"noopener noreferrer\"><img loading=\"lazy\" class=\"wp-image-2000 aligncenter\" src=\"http:\/\/portosdosacores.pt\/wp-content\/uploads\/2019\/10\/logo_carnival.png\" alt=\"\" width=\"225\" height=\"120\" srcset=\"https:\/\/portosdosacores.pt\/wp-content\/uploads\/2019\/10\/logo_carnival.png 750w, https:\/\/portosdosacores.pt\/wp-content\/uploads\/2019\/10\/logo_carnival-300x160.png 300w\" sizes=\"(max-width: 225px) 100vw, 225px\" \/><\/a><\/td>\n<\/tr>\n<tr>\n<td>&nbsp;<\/p>\n<p><a href=\"https:\/\/www.celebritycruises.com\/\" target=\"_blank\" rel=\"noopener noreferrer\"><img loading=\"lazy\" class=\"wp-image-2002 aligncenter\" src=\"http:\/\/portosdosacores.pt\/wp-content\/uploads\/2019\/10\/logo_celebrity.jpg\" alt=\"\" width=\"160\" height=\"120\" srcset=\"https:\/\/portosdosacores.pt\/wp-content\/uploads\/2019\/10\/logo_celebrity.jpg 800w, https:\/\/portosdosacores.pt\/wp-content\/uploads\/2019\/10\/logo_celebrity-300x225.jpg 300w, https:\/\/portosdosacores.pt\/wp-content\/uploads\/2019\/10\/logo_celebrity-768x576.jpg 768w\" sizes=\"(max-width: 160px) 100vw, 160px\" \/><\/a><\/td>\n<td>&nbsp;<\/p>\n<p><a href=\"https:\/\/www.ponant.com\/\" target=\"_blank\" rel=\"noopener noreferrer\"><img loading=\"lazy\" class=\"wp-image-2004 aligncenter\" src=\"http:\/\/portosdosacores.pt\/wp-content\/uploads\/2019\/10\/logo_compagnieduponant.png\" alt=\"\" width=\"267\" height=\"120\" srcset=\"https:\/\/portosdosacores.pt\/wp-content\/uploads\/2019\/10\/logo_compagnieduponant.png 2000w, https:\/\/portosdosacores.pt\/wp-content\/uploads\/2019\/10\/logo_compagnieduponant-300x135.png 300w, https:\/\/portosdosacores.pt\/wp-content\/uploads\/2019\/10\/logo_compagnieduponant-768x346.png 768w, https:\/\/portosdosacores.pt\/wp-content\/uploads\/2019\/10\/logo_compagnieduponant-1024x461.png 1024w\" sizes=\"(max-width: 267px) 100vw, 267px\" \/><\/a><\/td>\n<td>&nbsp;<\/p>\n<p><a href=\"https:\/\/www.crystalcruises.com\/\" target=\"_blank\" rel=\"noopener noreferrer\"><img loading=\"lazy\" class=\"wp-image-2006 aligncenter\" src=\"http:\/\/portosdosacores.pt\/wp-content\/uploads\/2019\/10\/logo_crystalcruisesO.jpg\" alt=\"\" width=\"156\" height=\"120\" srcset=\"https:\/\/portosdosacores.pt\/wp-content\/uploads\/2019\/10\/logo_crystalcruisesO.jpg 740w, https:\/\/portosdosacores.pt\/wp-content\/uploads\/2019\/10\/logo_crystalcruisesO-300x230.jpg 300w\" sizes=\"(max-width: 156px) 100vw, 156px\" \/><\/a><\/td>\n<\/tr>\n<tr>\n<td>&nbsp;<\/p>\n<p><a href=\"https:\/\/www.cruiseandmaritime.com\/\" target=\"_blank\" rel=\"noopener noreferrer\"><img loading=\"lazy\" class=\"wp-image-2010 aligncenter\" src=\"http:\/\/portosdosacores.pt\/wp-content\/uploads\/2019\/10\/logo_cvm.png\" alt=\"\" width=\"397\" height=\"120\" srcset=\"https:\/\/portosdosacores.pt\/wp-content\/uploads\/2019\/10\/logo_cvm.png 500w, https:\/\/portosdosacores.pt\/wp-content\/uploads\/2019\/10\/logo_cvm-300x91.png 300w\" sizes=\"(max-width: 397px) 100vw, 397px\" \/><\/a><\/td>\n<td>&nbsp;<\/p>\n<p><img loading=\"lazy\" class=\"wp-image-2008 aligncenter\" src=\"http:\/\/portosdosacores.pt\/wp-content\/uploads\/2019\/10\/logo_cunard.png\" alt=\"\" width=\"163\" height=\"120\" srcset=\"https:\/\/portosdosacores.pt\/wp-content\/uploads\/2019\/10\/logo_cunard.png 2560w, https:\/\/portosdosacores.pt\/wp-content\/uploads\/2019\/10\/logo_cunard-300x220.png 300w, https:\/\/portosdosacores.pt\/wp-content\/uploads\/2019\/10\/logo_cunard-768x564.png 768w, https:\/\/portosdosacores.pt\/wp-content\/uploads\/2019\/10\/logo_cunard-1024x752.png 1024w\" sizes=\"(max-width: 163px) 100vw, 163px\" \/><\/td>\n<td>&nbsp;<\/p>\n<p><a href=\"https:\/\/disneycruise.disney.go.com\/\" target=\"_blank\" rel=\"noopener noreferrer\"><img loading=\"lazy\" class=\"wp-image-2012 aligncenter\" src=\"http:\/\/portosdosacores.pt\/wp-content\/uploads\/2019\/10\/logo_disney.png\" alt=\"\" width=\"336\" height=\"120\" srcset=\"https:\/\/portosdosacores.pt\/wp-content\/uploads\/2019\/10\/logo_disney.png 1166w, https:\/\/portosdosacores.pt\/wp-content\/uploads\/2019\/10\/logo_disney-300x107.png 300w, https:\/\/portosdosacores.pt\/wp-content\/uploads\/2019\/10\/logo_disney-768x275.png 768w, https:\/\/portosdosacores.pt\/wp-content\/uploads\/2019\/10\/logo_disney-1024x366.png 1024w\" sizes=\"(max-width: 336px) 100vw, 336px\" \/><\/a><\/td>\n<\/tr>\n<tr>\n<td>&nbsp;<\/p>\n<p><a href=\"https:\/\/www.fredolsencruises.com\/\" target=\"_blank\" rel=\"noopener noreferrer\"><img loading=\"lazy\" class=\"wp-image-2014 aligncenter\" src=\"http:\/\/portosdosacores.pt\/wp-content\/uploads\/2019\/10\/logo_fredolsen.png\" alt=\"\" width=\"337\" height=\"120\" srcset=\"https:\/\/portosdosacores.pt\/wp-content\/uploads\/2019\/10\/logo_fredolsen.png 615w, https:\/\/portosdosacores.pt\/wp-content\/uploads\/2019\/10\/logo_fredolsen-300x107.png 300w\" sizes=\"(max-width: 337px) 100vw, 337px\" \/><\/a><\/td>\n<td>&nbsp;<\/p>\n<p><a href=\"https:\/\/www.hl-cruises.com\/\" target=\"_blank\" rel=\"noopener noreferrer\"><img loading=\"lazy\" class=\"wp-image-2016 aligncenter\" src=\"http:\/\/portosdosacores.pt\/wp-content\/uploads\/2019\/10\/logo_hlloyd.jpg\" alt=\"\" width=\"240\" height=\"120\" srcset=\"https:\/\/portosdosacores.pt\/wp-content\/uploads\/2019\/10\/logo_hlloyd.jpg 945w, https:\/\/portosdosacores.pt\/wp-content\/uploads\/2019\/10\/logo_hlloyd-300x150.jpg 300w, https:\/\/portosdosacores.pt\/wp-content\/uploads\/2019\/10\/logo_hlloyd-768x384.jpg 768w\" sizes=\"(max-width: 240px) 100vw, 240px\" \/><\/a><\/td>\n<td>&nbsp;<\/p>\n<p><a href=\"https:\/\/www.hollandamerica.com\/\" target=\"_blank\" rel=\"noopener noreferrer\"><img loading=\"lazy\" class=\"wp-image-2018 aligncenter\" src=\"http:\/\/portosdosacores.pt\/wp-content\/uploads\/2019\/10\/logo_hollandamerica.png\" alt=\"\" width=\"142\" height=\"120\" \/><\/a><\/td>\n<\/tr>\n<tr>\n<td>&nbsp;<\/p>\n<p><a href=\"https:\/\/www.hurtigruten.com\/\" target=\"_blank\" rel=\"noopener noreferrer\"><img loading=\"lazy\" class=\"wp-image-2020 aligncenter\" src=\"http:\/\/portosdosacores.pt\/wp-content\/uploads\/2019\/10\/logo_hurtigruten.jpg\" alt=\"\" width=\"193\" height=\"120\" srcset=\"https:\/\/portosdosacores.pt\/wp-content\/uploads\/2019\/10\/logo_hurtigruten.jpg 1212w, https:\/\/portosdosacores.pt\/wp-content\/uploads\/2019\/10\/logo_hurtigruten-300x187.jpg 300w, https:\/\/portosdosacores.pt\/wp-content\/uploads\/2019\/10\/logo_hurtigruten-768x478.jpg 768w, https:\/\/portosdosacores.pt\/wp-content\/uploads\/2019\/10\/logo_hurtigruten-1024x638.jpg 1024w\" sizes=\"(max-width: 193px) 100vw, 193px\" \/><\/a><\/td>\n<td>&nbsp;<\/p>\n<p><a href=\"https:\/\/www.tui.co.uk\/cruise\/\" target=\"_blank\" rel=\"noopener noreferrer\"><img loading=\"lazy\" class=\"wp-image-2022 aligncenter\" src=\"http:\/\/portosdosacores.pt\/wp-content\/uploads\/2019\/10\/logo_marellacruises.png\" alt=\"\" width=\"329\" height=\"60\" srcset=\"https:\/\/portosdosacores.pt\/wp-content\/uploads\/2019\/10\/logo_marellacruises.png 526w, https:\/\/portosdosacores.pt\/wp-content\/uploads\/2019\/10\/logo_marellacruises-300x55.png 300w\" sizes=\"(max-width: 329px) 100vw, 329px\" \/><\/a><\/td>\n<td>&nbsp;<\/p>\n<p><a href=\"https:\/\/www.msccruzeiros.pt\/\" target=\"_blank\" rel=\"noopener noreferrer\"><img loading=\"lazy\" class=\"wp-image-2024 aligncenter\" src=\"http:\/\/portosdosacores.pt\/wp-content\/uploads\/2019\/10\/logo_msc.jpg\" alt=\"\" width=\"270\" height=\"120\" srcset=\"https:\/\/portosdosacores.pt\/wp-content\/uploads\/2019\/10\/logo_msc.jpg 2126w, https:\/\/portosdosacores.pt\/wp-content\/uploads\/2019\/10\/logo_msc-300x133.jpg 300w, https:\/\/portosdosacores.pt\/wp-content\/uploads\/2019\/10\/logo_msc-768x341.jpg 768w, https:\/\/portosdosacores.pt\/wp-content\/uploads\/2019\/10\/logo_msc-1024x455.jpg 1024w\" sizes=\"(max-width: 270px) 100vw, 270px\" \/><\/a><\/td>\n<\/tr>\n<tr>\n<td><a href=\"https:\/\/www.noble-caledonia.co.uk\/\" target=\"_blank\" rel=\"noopener noreferrer\"><img loading=\"lazy\" class=\"wp-image-2026 aligncenter\" src=\"http:\/\/portosdosacores.pt\/wp-content\/uploads\/2019\/10\/logo_noble.jpg\" alt=\"\" width=\"333\" height=\"120\" srcset=\"https:\/\/portosdosacores.pt\/wp-content\/uploads\/2019\/10\/logo_noble.jpg 1063w, https:\/\/portosdosacores.pt\/wp-content\/uploads\/2019\/10\/logo_noble-300x108.jpg 300w, https:\/\/portosdosacores.pt\/wp-content\/uploads\/2019\/10\/logo_noble-768x277.jpg 768w, https:\/\/portosdosacores.pt\/wp-content\/uploads\/2019\/10\/logo_noble-1024x369.jpg 1024w\" sizes=\"(max-width: 333px) 100vw, 333px\" \/><\/a><\/p>\n<p>&nbsp;<\/td>\n<td>&nbsp;<\/p>\n<p><a href=\"https:\/\/www.ncl.com\/\" target=\"_blank\" rel=\"https:\/\/www.ncl.com\/ noopener noreferrer\"><img loading=\"lazy\" class=\"wp-image-2028 aligncenter\" src=\"http:\/\/portosdosacores.pt\/wp-content\/uploads\/2019\/10\/logo_norwegian.jpg\" alt=\"\" width=\"300\" height=\"120\" srcset=\"https:\/\/portosdosacores.pt\/wp-content\/uploads\/2019\/10\/logo_norwegian.jpg 975w, https:\/\/portosdosacores.pt\/wp-content\/uploads\/2019\/10\/logo_norwegian-300x120.jpg 300w, https:\/\/portosdosacores.pt\/wp-content\/uploads\/2019\/10\/logo_norwegian-768x307.jpg 768w\" sizes=\"(max-width: 300px) 100vw, 300px\" \/><\/a><\/td>\n<td>&nbsp;<\/p>\n<p><a href=\"https:\/\/pt.oceaniacruises.com\/\" target=\"_blank\" rel=\"noopener noreferrer\"><img loading=\"lazy\" class=\"wp-image-2030 aligncenter\" src=\"http:\/\/portosdosacores.pt\/wp-content\/uploads\/2019\/10\/logo_oceania.png\" alt=\"\" width=\"291\" height=\"120\" srcset=\"https:\/\/portosdosacores.pt\/wp-content\/uploads\/2019\/10\/logo_oceania.png 2342w, https:\/\/portosdosacores.pt\/wp-content\/uploads\/2019\/10\/logo_oceania-300x124.png 300w, https:\/\/portosdosacores.pt\/wp-content\/uploads\/2019\/10\/logo_oceania-768x317.png 768w, https:\/\/portosdosacores.pt\/wp-content\/uploads\/2019\/10\/logo_oceania-1024x423.png 1024w\" sizes=\"(max-width: 291px) 100vw, 291px\" \/><\/a><\/td>\n<\/tr>\n<tr>\n<td>&nbsp;<\/p>\n<p><a href=\"https:\/\/www.pocruises.com\" target=\"_blank\" rel=\"noopener noreferrer\"><img loading=\"lazy\" class=\"wp-image-2034 aligncenter\" src=\"http:\/\/portosdosacores.pt\/wp-content\/uploads\/2019\/10\/logo_po.png\" alt=\"\" width=\"469\" height=\"100\" srcset=\"https:\/\/portosdosacores.pt\/wp-content\/uploads\/2019\/10\/logo_po.png 950w, https:\/\/portosdosacores.pt\/wp-content\/uploads\/2019\/10\/logo_po-300x64.png 300w, https:\/\/portosdosacores.pt\/wp-content\/uploads\/2019\/10\/logo_po-768x164.png 768w\" sizes=\"(max-width: 469px) 100vw, 469px\" \/><\/a><\/td>\n<td>&nbsp;<\/p>\n<p><a href=\"https:\/\/www.princess.com\" target=\"_blank\" rel=\"noopener noreferrer\"><img loading=\"lazy\" class=\"wp-image-2036 aligncenter\" src=\"http:\/\/portosdosacores.pt\/wp-content\/uploads\/2019\/10\/logo_princess.png\" alt=\"\" width=\"339\" height=\"120\" srcset=\"https:\/\/portosdosacores.pt\/wp-content\/uploads\/2019\/10\/logo_princess.png 1200w, https:\/\/portosdosacores.pt\/wp-content\/uploads\/2019\/10\/logo_princess-300x106.png 300w, https:\/\/portosdosacores.pt\/wp-content\/uploads\/2019\/10\/logo_princess-768x272.png 768w, https:\/\/portosdosacores.pt\/wp-content\/uploads\/2019\/10\/logo_princess-1024x363.png 1024w\" sizes=\"(max-width: 339px) 100vw, 339px\" \/><\/a><\/td>\n<td>&nbsp;<\/p>\n<p><a href=\"https:\/\/www.pullmantur.es\/\" target=\"_blank\" rel=\"noopener noreferrer\"><img loading=\"lazy\" class=\"wp-image-2038 aligncenter\" src=\"http:\/\/portosdosacores.pt\/wp-content\/uploads\/2019\/10\/logo_pullmantur.jpg\" alt=\"\" width=\"445\" height=\"110\" srcset=\"https:\/\/portosdosacores.pt\/wp-content\/uploads\/2019\/10\/logo_pullmantur.jpg 960w, https:\/\/portosdosacores.pt\/wp-content\/uploads\/2019\/10\/logo_pullmantur-300x74.jpg 300w, https:\/\/portosdosacores.pt\/wp-content\/uploads\/2019\/10\/logo_pullmantur-768x190.jpg 768w\" sizes=\"(max-width: 445px) 100vw, 445px\" \/><\/a><\/td>\n<\/tr>\n<tr>\n<td>&nbsp;<\/p>\n<p><a href=\"https:\/\/pt.rssc.com\/\" target=\"_blank\" rel=\"https:\/\/pt.rssc.com\/ noopener noreferrer\"><img loading=\"lazy\" class=\"wp-image-2040 aligncenter\" src=\"http:\/\/portosdosacores.pt\/wp-content\/uploads\/2019\/10\/logo_regent.png\" alt=\"\" width=\"321\" height=\"120\" srcset=\"https:\/\/portosdosacores.pt\/wp-content\/uploads\/2019\/10\/logo_regent.png 788w, https:\/\/portosdosacores.pt\/wp-content\/uploads\/2019\/10\/logo_regent-300x112.png 300w, https:\/\/portosdosacores.pt\/wp-content\/uploads\/2019\/10\/logo_regent-768x288.png 768w\" sizes=\"(max-width: 321px) 100vw, 321px\" \/><\/a><\/td>\n<td>&nbsp;<\/p>\n<p><a href=\"http:\/\/www.royalcaribbean.pt\/\" target=\"_blank\" rel=\"noopener noreferrer\"><img loading=\"lazy\" class=\"wp-image-2042 aligncenter\" src=\"http:\/\/portosdosacores.pt\/wp-content\/uploads\/2019\/10\/logo_royalcaribbean.png\" alt=\"\" width=\"481\" height=\"120\" srcset=\"https:\/\/portosdosacores.pt\/wp-content\/uploads\/2019\/10\/logo_royalcaribbean.png 4206w, https:\/\/portosdosacores.pt\/wp-content\/uploads\/2019\/10\/logo_royalcaribbean-300x75.png 300w, https:\/\/portosdosacores.pt\/wp-content\/uploads\/2019\/10\/logo_royalcaribbean-768x192.png 768w, https:\/\/portosdosacores.pt\/wp-content\/uploads\/2019\/10\/logo_royalcaribbean-1024x256.png 1024w\" sizes=\"(max-width: 481px) 100vw, 481px\" \/><\/a><\/td>\n<td>&nbsp;<\/p>\n<p><a href=\"https:\/\/www.sagacruises.com\/\" target=\"_blank\" rel=\"noopener noreferrer\"><img loading=\"lazy\" class=\"wp-image-2044 aligncenter\" src=\"http:\/\/portosdosacores.pt\/wp-content\/uploads\/2019\/10\/logo_saga.png\" alt=\"\" width=\"258\" height=\"120\" srcset=\"https:\/\/portosdosacores.pt\/wp-content\/uploads\/2019\/10\/logo_saga.png 329w, https:\/\/portosdosacores.pt\/wp-content\/uploads\/2019\/10\/logo_saga-300x140.png 300w\" sizes=\"(max-width: 258px) 100vw, 258px\" \/><\/a><\/td>\n<\/tr>\n<tr>\n<td>&nbsp;<\/p>\n<p><a href=\"https:\/\/www.seabourn.com\/\" target=\"_blank\" rel=\"noopener noreferrer\"><img loading=\"lazy\" class=\"wp-image-2054 aligncenter\" src=\"http:\/\/portosdosacores.pt\/wp-content\/uploads\/2019\/10\/seabourn_logo_nav.png\" alt=\"\" width=\"373\" height=\"80\" srcset=\"https:\/\/portosdosacores.pt\/wp-content\/uploads\/2019\/10\/seabourn_logo_nav.png 700w, https:\/\/portosdosacores.pt\/wp-content\/uploads\/2019\/10\/seabourn_logo_nav-300x64.png 300w\" sizes=\"(max-width: 373px) 100vw, 373px\" \/><\/a><\/td>\n<td>&nbsp;<\/p>\n<p><a href=\"https:\/\/www.silversea.com\/\" target=\"_blank\" rel=\"noopener noreferrer\"><img loading=\"lazy\" class=\"wp-image-2056 aligncenter\" src=\"http:\/\/portosdosacores.pt\/wp-content\/uploads\/2019\/10\/Silversea-Logo.jpg\" alt=\"\" width=\"120\" height=\"120\" srcset=\"https:\/\/portosdosacores.pt\/wp-content\/uploads\/2019\/10\/Silversea-Logo.jpg 900w, https:\/\/portosdosacores.pt\/wp-content\/uploads\/2019\/10\/Silversea-Logo-150x150.jpg 150w, https:\/\/portosdosacores.pt\/wp-content\/uploads\/2019\/10\/Silversea-Logo-300x300.jpg 300w, https:\/\/portosdosacores.pt\/wp-content\/uploads\/2019\/10\/Silversea-Logo-768x768.jpg 768w\" sizes=\"(max-width: 120px) 100vw, 120px\" \/><\/a><\/p>\n<p>&nbsp;<\/td>\n<td><img loading=\"lazy\" class=\"wp-image-2046 aligncenter\" src=\"http:\/\/portosdosacores.pt\/wp-content\/uploads\/2019\/10\/logo_starclippers.jpg\" alt=\"\" width=\"211\" height=\"120\" srcset=\"https:\/\/portosdosacores.pt\/wp-content\/uploads\/2019\/10\/logo_starclippers.jpg 640w, https:\/\/portosdosacores.pt\/wp-content\/uploads\/2019\/10\/logo_starclippers-300x171.jpg 300w\" sizes=\"(max-width: 211px) 100vw, 211px\" \/><\/td>\n<\/tr>\n<tr>\n<td>&nbsp;<\/p>\n<p><a href=\"https:\/\/www.tuicruises.com\/\" target=\"_blank\" rel=\"noopener noreferrer\"><img loading=\"lazy\" class=\"wp-image-2048 aligncenter\" src=\"http:\/\/portosdosacores.pt\/wp-content\/uploads\/2019\/10\/logo_tui.jpg\" alt=\"\" width=\"336\" height=\"120\" srcset=\"https:\/\/portosdosacores.pt\/wp-content\/uploads\/2019\/10\/logo_tui.jpg 3020w, https:\/\/portosdosacores.pt\/wp-content\/uploads\/2019\/10\/logo_tui-300x107.jpg 300w, https:\/\/portosdosacores.pt\/wp-content\/uploads\/2019\/10\/logo_tui-768x274.jpg 768w, https:\/\/portosdosacores.pt\/wp-content\/uploads\/2019\/10\/logo_tui-1024x366.jpg 1024w\" sizes=\"(max-width: 336px) 100vw, 336px\" \/><\/a><\/p>\n<p>&nbsp;<\/td>\n<td><img loading=\"lazy\" class=\"wp-image-2052 aligncenter\" src=\"http:\/\/portosdosacores.pt\/wp-content\/uploads\/2019\/10\/logo_windstar-300x167.png\" alt=\"\" width=\"216\" height=\"120\" srcset=\"https:\/\/portosdosacores.pt\/wp-content\/uploads\/2019\/10\/logo_windstar-300x167.png 300w, https:\/\/portosdosacores.pt\/wp-content\/uploads\/2019\/10\/logo_windstar-768x427.png 768w, https:\/\/portosdosacores.pt\/wp-content\/uploads\/2019\/10\/logo_windstar.png 900w\" sizes=\"(max-width: 216px) 100vw, 216px\" \/><\/td>\n<td>&nbsp;<\/p>\n<p><a href=\"https:\/\/www.vikingcruises.co.uk\/\" target=\"_blank\" rel=\"noopener noreferrer\"><img loading=\"lazy\" class=\"wp-image-2050 aligncenter\" src=\"http:\/\/portosdosacores.pt\/wp-content\/uploads\/2019\/10\/logo_viking.jpg\" alt=\"\" width=\"159\" height=\"120\" srcset=\"https:\/\/portosdosacores.pt\/wp-content\/uploads\/2019\/10\/logo_viking.jpg 800w, https:\/\/portosdosacores.pt\/wp-content\/uploads\/2019\/10\/logo_viking-300x225.jpg 300w, https:\/\/portosdosacores.pt\/wp-content\/uploads\/2019\/10\/logo_viking-768x576.jpg 768w\" sizes=\"(max-width: 159px) 100vw, 159px\" \/><\/a><\/td>\n<\/tr>\n<\/tbody>\n<\/table>\n","protected":false},"excerpt":{"rendered":"<p>Os A\u00e7ores t\u00eam recebido escalas de navios de cruzeiros operados por diferentes companhias e armadores, cujos log\u00f3tipos e hiperliga\u00e7\u00f5es s\u00e3o apresentados imediatamente abaixo: &nbsp; &nbsp; &nbsp; &nbsp; &nbsp; &nbsp; &nbsp; &nbsp; &nbsp; &nbsp; &nbsp; &nbsp; &nbsp; &nbsp; &nbsp; &nbsp; &nbsp; &nbsp; &nbsp; &nbsp; &nbsp; &nbsp; &nbsp; &nbsp; &nbsp; &nbsp; &nbsp;<\/p>\n","protected":false},"author":2,"featured_media":0,"parent":0,"menu_order":0,"comment_status":"closed","ping_status":"closed","template":"","meta":[],"_links":{"self":[{"href":"https:\/\/portosdosacores.pt\/en\/wp-json\/wp\/v2\/pages\/2670"}],"collection":[{"href":"https:\/\/portosdosacores.pt\/en\/wp-json\/wp\/v2\/pages"}],"about":[{"href":"https:\/\/portosdosacores.pt\/en\/wp-json\/wp\/v2\/types\/page"}],"author":[{"embeddable":true,"href":"https:\/\/portosdosacores.pt\/en\/wp-json\/wp\/v2\/users\/2"}],"replies":[{"embeddable":true,"href":"https:\/\/portosdosacores.pt\/en\/wp-json\/wp\/v2\/comments?post=2670"}],"version-history":[{"count":1,"href":"https:\/\/portosdosacores.pt\/en\/wp-json\/wp\/v2\/pages\/2670\/revisions"}],"predecessor-version":[{"id":2671,"href":"https:\/\/portosdosacores.pt\/en\/wp-json\/wp\/v2\/pages\/2670\/revisions\/2671"}],"wp:attachment":[{"href":"https:\/\/portosdosacores.pt\/en\/wp-json\/wp\/v2\/media?parent=2670"}],"curies":[{"name":"wp","href":"https:\/\/api.w.org\/{rel}","templated":true}]}}