{"id":2673,"date":"2019-09-30T12:18:09","date_gmt":"2019-09-30T12:18:09","guid":{"rendered":"http:\/\/portosdosacores.pt\/en\/cruzeiros-agencias\/"},"modified":"2019-11-28T10:15:02","modified_gmt":"2019-11-28T10:15:02","slug":"cruzeiros-agencias","status":"publish","type":"page","link":"https:\/\/portosdosacores.pt\/en\/cruzeiros-agencias\/","title":{"rendered":"Agencies"},"content":{"rendered":"<h2><strong>Ag\u00eancias de Navega\u00e7\u00e3o<\/strong><\/h2>\n<p>Os agentes de navega\u00e7\u00e3o, que prestam servi\u00e7o aos navios de cruzeiro na Regi\u00e3o, s\u00e3o:<\/p>\n<table>\n<tbody>\n<tr>\n<td>&nbsp;<\/p>\n<p><a href=\"https:\/\/www.abc-agency-azores.com\/\" target=\"_blank\" rel=\"noopener noreferrer\"><img loading=\"lazy\" class=\"aligncenter wp-image-2071 size-full\" src=\"http:\/\/portosdosacores.pt\/wp-content\/uploads\/2019\/10\/logo_abc.jpg\" alt=\"\" width=\"265\" height=\"80\" \/><\/a><\/p>\n<p>&nbsp;<\/td>\n<td style=\"padding-left: 40px;\"><\/td>\n<td>&nbsp;<\/p>\n<p><a href=\"http:\/\/aosucessor.pai.pt\/\" target=\"_blank\" rel=\"noopener noreferrer\"><img loading=\"lazy\" class=\"wp-image-2073\" src=\"http:\/\/portosdosacores.pt\/wp-content\/uploads\/2019\/10\/logo_albanooliveira.jpg\" alt=\"\" width=\"381\" height=\"70\" srcset=\"https:\/\/portosdosacores.pt\/wp-content\/uploads\/2019\/10\/logo_albanooliveira.jpg 728w, https:\/\/portosdosacores.pt\/wp-content\/uploads\/2019\/10\/logo_albanooliveira-300x55.jpg 300w\" sizes=\"(max-width: 381px) 100vw, 381px\" \/><\/a><\/p>\n<p>&nbsp;<\/td>\n<\/tr>\n<tr>\n<td><a href=\"https:\/\/www.grupobensaude.pt\/pt\/areas-negocio\/maritima-e-logistica\/bensaude-agentes-de-navegacao\/\" target=\"_blank\" rel=\"noopener noreferrer\"><img loading=\"lazy\" class=\"aligncenter wp-image-2075 size-full\" src=\"http:\/\/portosdosacores.pt\/wp-content\/uploads\/2019\/10\/logo_bensaudeagentes.jpg\" alt=\"\" width=\"265\" height=\"91\" \/><\/a><\/td>\n<td style=\"padding-left: 40px;\"><\/td>\n<td><a href=\"http:\/\/www.cmjrieff.pt\/\" target=\"_blank\" rel=\"noopener noreferrer\"><img loading=\"lazy\" class=\"aligncenter wp-image-2077 size-full\" src=\"http:\/\/portosdosacores.pt\/wp-content\/uploads\/2019\/10\/logo_cmjrieff.png\" alt=\"\" width=\"265\" height=\"86\" \/><\/a><\/td>\n<\/tr>\n<\/tbody>\n<\/table>\n<p>&nbsp;<\/p>\n<h2><strong>Ag\u00eancias de Viagens<\/strong><\/h2>\n<p>A opera\u00e7\u00e3o tur\u00edstica dos navios de cruzeiro (excurs\u00f5es e reservas noutras atividades tur\u00edsticas) est\u00e1 a cargo de ag\u00eancias de viagens, sendo as seguintes as mais solicitadas:<\/p>\n<table>\n<tbody>\n<tr>\n<td><a href=\"https:\/\/www.grupobensaude.pt\/pt\/areas-negocio\/turismo\/acoreana-dmc\/\" target=\"_blank\" rel=\"noopener noreferrer\"><img loading=\"lazy\" class=\"aligncenter wp-image-2086\" src=\"http:\/\/portosdosacores.pt\/wp-content\/uploads\/2019\/10\/logo_acoreanadmc.jpg\" alt=\"\" width=\"213\" height=\"120\" srcset=\"https:\/\/portosdosacores.pt\/wp-content\/uploads\/2019\/10\/logo_acoreanadmc.jpg 1280w, https:\/\/portosdosacores.pt\/wp-content\/uploads\/2019\/10\/logo_acoreanadmc-300x169.jpg 300w, https:\/\/portosdosacores.pt\/wp-content\/uploads\/2019\/10\/logo_acoreanadmc-768x432.jpg 768w, https:\/\/portosdosacores.pt\/wp-content\/uploads\/2019\/10\/logo_acoreanadmc-1024x576.jpg 1024w\" sizes=\"(max-width: 213px) 100vw, 213px\" \/><\/a><\/p>\n<p>&nbsp;<\/td>\n<td style=\"padding-left: 40px;\"><\/td>\n<td><a href=\"https:\/\/www.portugaldmc.buzz\/\"><img loading=\"lazy\" class=\"aligncenter wp-image-2088\" src=\"http:\/\/portosdosacores.pt\/wp-content\/uploads\/2019\/10\/logo_buzzdmc.jpg\" alt=\"\" width=\"140\" height=\"140\" srcset=\"https:\/\/portosdosacores.pt\/wp-content\/uploads\/2019\/10\/logo_buzzdmc.jpg 563w, https:\/\/portosdosacores.pt\/wp-content\/uploads\/2019\/10\/logo_buzzdmc-150x150.jpg 150w, https:\/\/portosdosacores.pt\/wp-content\/uploads\/2019\/10\/logo_buzzdmc-300x300.jpg 300w\" sizes=\"(max-width: 140px) 100vw, 140px\" \/><\/a><\/p>\n<p>&nbsp;<\/td>\n<\/tr>\n<tr>\n<td><a href=\"https:\/\/www.intercruises.com\/\" target=\"_blank\" rel=\"noopener noreferrer\"><img loading=\"lazy\" class=\"wp-image-2090 aligncenter\" src=\"http:\/\/portosdosacores.pt\/wp-content\/uploads\/2019\/10\/logo_intercruises.jpg\" alt=\"\" width=\"382\" height=\"80\" srcset=\"https:\/\/portosdosacores.pt\/wp-content\/uploads\/2019\/10\/logo_intercruises.jpg 774w, https:\/\/portosdosacores.pt\/wp-content\/uploads\/2019\/10\/logo_intercruises-300x63.jpg 300w, https:\/\/portosdosacores.pt\/wp-content\/uploads\/2019\/10\/logo_intercruises-768x161.jpg 768w\" sizes=\"(max-width: 382px) 100vw, 382px\" \/><\/a><\/p>\n<p>&nbsp;<\/td>\n<td style=\"padding-left: 40px;\"><\/td>\n<td><a href=\"http:\/\/www.melotravel.com\/\" target=\"_blank\" rel=\"noopener noreferrer\"><img loading=\"lazy\" class=\"aligncenter wp-image-2092 size-full\" src=\"http:\/\/portosdosacores.pt\/wp-content\/uploads\/2019\/10\/logo_melotravel.png\" alt=\"\" width=\"254\" height=\"107\" \/><\/a><\/p>\n<p>&nbsp;<\/td>\n<\/tr>\n<tr>\n<td><a href=\"https:\/\/www.w2m.travel\" target=\"_blank\" rel=\"noopener noreferrer\"><img loading=\"lazy\" class=\"wp-image-2096 aligncenter\" src=\"http:\/\/portosdosacores.pt\/wp-content\/uploads\/2019\/10\/logo_w2m.jpg\" alt=\"\" width=\"217\" height=\"120\" srcset=\"https:\/\/portosdosacores.pt\/wp-content\/uploads\/2019\/10\/logo_w2m.jpg 569w, https:\/\/portosdosacores.pt\/wp-content\/uploads\/2019\/10\/logo_w2m-300x166.jpg 300w\" sizes=\"(max-width: 217px) 100vw, 217px\" \/><\/a><\/td>\n<td style=\"padding-left: 40px;\"><\/td>\n<td><\/td>\n<\/tr>\n<\/tbody>\n<\/table>\n<p>&nbsp;<\/p>\n","protected":false},"excerpt":{"rendered":"<p>Ag\u00eancias de Navega\u00e7\u00e3o Os agentes de navega\u00e7\u00e3o, que prestam servi\u00e7o aos navios de cruzeiro na Regi\u00e3o, s\u00e3o: &nbsp; &nbsp; &nbsp; &nbsp; &nbsp; Ag\u00eancias de Viagens A opera\u00e7\u00e3o tur\u00edstica dos navios de cruzeiro (excurs\u00f5es e reservas noutras atividades tur\u00edsticas) est\u00e1 a cargo de ag\u00eancias de viagens, sendo as seguintes as mais solicitadas: &nbsp; &nbsp; &nbsp; &nbsp; [&hellip;]<\/p>\n","protected":false},"author":2,"featured_media":0,"parent":0,"menu_order":0,"comment_status":"closed","ping_status":"closed","template":"","meta":[],"_links":{"self":[{"href":"https:\/\/portosdosacores.pt\/en\/wp-json\/wp\/v2\/pages\/2673"}],"collection":[{"href":"https:\/\/portosdosacores.pt\/en\/wp-json\/wp\/v2\/pages"}],"about":[{"href":"https:\/\/portosdosacores.pt\/en\/wp-json\/wp\/v2\/types\/page"}],"author":[{"embeddable":true,"href":"https:\/\/portosdosacores.pt\/en\/wp-json\/wp\/v2\/users\/2"}],"replies":[{"embeddable":true,"href":"https:\/\/portosdosacores.pt\/en\/wp-json\/wp\/v2\/comments?post=2673"}],"version-history":[{"count":1,"href":"https:\/\/portosdosacores.pt\/en\/wp-json\/wp\/v2\/pages\/2673\/revisions"}],"predecessor-version":[{"id":2674,"href":"https:\/\/portosdosacores.pt\/en\/wp-json\/wp\/v2\/pages\/2673\/revisions\/2674"}],"wp:attachment":[{"href":"https:\/\/portosdosacores.pt\/en\/wp-json\/wp\/v2\/media?parent=2673"}],"curies":[{"name":"wp","href":"https:\/\/api.w.org\/{rel}","templated":true}]}}