{"id":2676,"date":"2019-09-30T12:19:09","date_gmt":"2019-09-30T12:19:09","guid":{"rendered":"http:\/\/portosdosacores.pt\/en\/cruzeiros-azores-cruise\/"},"modified":"2019-11-28T10:16:20","modified_gmt":"2019-11-28T10:16:20","slug":"cruzeiros-azores-cruise","status":"publish","type":"page","link":"https:\/\/portosdosacores.pt\/en\/cruzeiros-azores-cruise\/","title":{"rendered":"Azores Cruise"},"content":{"rendered":"<p>A Portos dos A\u00e7ores, S.A. apresenta-se ao mercado nacional e internacional de cruzeiros com a marca &#8220;AZORES CRUISE&#8221;, disponibilizando aos agentes de navega\u00e7\u00e3o, ag\u00eancias de viagens, representantes dos armadores e aos pr\u00f3prios armadores e operadores de navios de cruzeiro, a brochura que se segue:<\/p>\n<ul>\n<li><a href=\"http:\/\/portosdosacores.pt\/wp-content\/uploads\/2019\/10\/AzoresCruise_brochura.pdf\" target=\"_blank\" rel=\"noopener noreferrer\">Brochura &#8211; Azores Cruise<\/a><\/li>\n<\/ul>\n<p>A presen\u00e7a neste mercado \u00e9 tamb\u00e9m realizada atrav\u00e9s da participa\u00e7\u00e3o ativa na marca &#8220;CRUISE PORTUGAL&#8221; e na associa\u00e7\u00e3o dos\u00a0 portos de cruzeiro do Mediterr\u00e2neo, a &#8220;MEDCRUISE&#8221;.<\/p>\n<table width=\"400\">\n<tbody>\n<tr>\n<td><img loading=\"lazy\" class=\"wp-image-2124 aligncenter\" src=\"http:\/\/portosdosacores.pt\/wp-content\/uploads\/2019\/10\/logo_cruiseportugal.jpg\" alt=\"\" width=\"134\" height=\"120\" srcset=\"https:\/\/portosdosacores.pt\/wp-content\/uploads\/2019\/10\/logo_cruiseportugal.jpg 640w, https:\/\/portosdosacores.pt\/wp-content\/uploads\/2019\/10\/logo_cruiseportugal-300x268.jpg 300w\" sizes=\"(max-width: 134px) 100vw, 134px\" \/><\/td>\n<td style=\"padding-left: 40px; text-align: center;\"><\/td>\n<td><a href=\"https:\/\/www.medcruise.com\/\" target=\"_blank\" rel=\"noopener noreferrer\"><img loading=\"lazy\" class=\"aligncenter wp-image-2126\" src=\"http:\/\/portosdosacores.pt\/wp-content\/uploads\/2019\/10\/logo_medcruise.png\" alt=\"\" width=\"181\" height=\"120\" srcset=\"https:\/\/portosdosacores.pt\/wp-content\/uploads\/2019\/10\/logo_medcruise.png 361w, https:\/\/portosdosacores.pt\/wp-content\/uploads\/2019\/10\/logo_medcruise-300x199.png 300w\" sizes=\"(max-width: 181px) 100vw, 181px\" \/><\/a><\/td>\n<\/tr>\n<\/tbody>\n<\/table>\n","protected":false},"excerpt":{"rendered":"<p>A Portos dos A\u00e7ores, S.A. apresenta-se ao mercado nacional e internacional de cruzeiros com a marca &#8220;AZORES CRUISE&#8221;, disponibilizando aos agentes de navega\u00e7\u00e3o, ag\u00eancias de viagens, representantes dos armadores e aos pr\u00f3prios armadores e operadores de navios de cruzeiro, a brochura que se segue: Brochura &#8211; Azores Cruise A presen\u00e7a neste mercado \u00e9 tamb\u00e9m realizada [&hellip;]<\/p>\n","protected":false},"author":2,"featured_media":0,"parent":0,"menu_order":0,"comment_status":"closed","ping_status":"closed","template":"","meta":[],"_links":{"self":[{"href":"https:\/\/portosdosacores.pt\/en\/wp-json\/wp\/v2\/pages\/2676"}],"collection":[{"href":"https:\/\/portosdosacores.pt\/en\/wp-json\/wp\/v2\/pages"}],"about":[{"href":"https:\/\/portosdosacores.pt\/en\/wp-json\/wp\/v2\/types\/page"}],"author":[{"embeddable":true,"href":"https:\/\/portosdosacores.pt\/en\/wp-json\/wp\/v2\/users\/2"}],"replies":[{"embeddable":true,"href":"https:\/\/portosdosacores.pt\/en\/wp-json\/wp\/v2\/comments?post=2676"}],"version-history":[{"count":1,"href":"https:\/\/portosdosacores.pt\/en\/wp-json\/wp\/v2\/pages\/2676\/revisions"}],"predecessor-version":[{"id":2677,"href":"https:\/\/portosdosacores.pt\/en\/wp-json\/wp\/v2\/pages\/2676\/revisions\/2677"}],"wp:attachment":[{"href":"https:\/\/portosdosacores.pt\/en\/wp-json\/wp\/v2\/media?parent=2676"}],"curies":[{"name":"wp","href":"https:\/\/api.w.org\/{rel}","templated":true}]}}