{"id":2707,"date":"2019-09-30T12:18:21","date_gmt":"2019-09-30T12:18:21","guid":{"rendered":"http:\/\/portosdosacores.pt\/en\/estatistica-cruzeiros\/"},"modified":"2019-11-28T12:16:33","modified_gmt":"2019-11-28T12:16:33","slug":"cruise-statistics","status":"publish","type":"page","link":"https:\/\/portosdosacores.pt\/en\/cruise-statistics\/","title":{"rendered":"Cruise statistics"},"content":{"rendered":"<h2><strong>Escalas<\/strong><\/h2>\n<p>O segmento dos navios de cruzeiros na Regi\u00e3o Aut\u00f3noma dos A\u00e7ores tem vindo a apresentar uma tend\u00eancia crescente nos \u00faltimos 10 anos, conforme demonstra o gr\u00e1fico do n\u00famero de escalas deste tipo de navios abaixo apresentado:<\/p>\n<p><img loading=\"lazy\" class=\"wp-image-2103 aligncenter\" src=\"http:\/\/portosdosacores.pt\/wp-content\/uploads\/2019\/10\/escalas-2010-a-2018.png\" alt=\"\" width=\"724\" height=\"389\" srcset=\"https:\/\/portosdosacores.pt\/wp-content\/uploads\/2019\/10\/escalas-2010-a-2018.png 989w, https:\/\/portosdosacores.pt\/wp-content\/uploads\/2019\/10\/escalas-2010-a-2018-300x161.png 300w, https:\/\/portosdosacores.pt\/wp-content\/uploads\/2019\/10\/escalas-2010-a-2018-768x413.png 768w\" sizes=\"(max-width: 724px) 100vw, 724px\" \/><\/p>\n<p>&nbsp;<\/p>\n<p><img loading=\"lazy\" class=\"size-full wp-image-2112 aligncenter\" src=\"http:\/\/portosdosacores.pt\/wp-content\/uploads\/2019\/10\/tabela-escalas.png\" alt=\"\" width=\"274\" height=\"420\" srcset=\"https:\/\/portosdosacores.pt\/wp-content\/uploads\/2019\/10\/tabela-escalas.png 274w, https:\/\/portosdosacores.pt\/wp-content\/uploads\/2019\/10\/tabela-escalas-196x300.png 196w\" sizes=\"(max-width: 274px) 100vw, 274px\" \/><\/p>\n<p>&nbsp;<\/p>\n<h2><strong>Movimento de Passageiros<\/strong><\/h2>\n<p>A acompanhar o crescimento do n\u00famero de escalas, tamb\u00e9m se tem assistido ao aumento do n\u00famero de passageiros que passam pelos portos dos A\u00e7ores, como se pode constatar no gr\u00e1fico e tabela seguintes:<\/p>\n<p><img loading=\"lazy\" class=\"wp-image-2105 aligncenter\" src=\"http:\/\/portosdosacores.pt\/wp-content\/uploads\/2019\/10\/pax-2010-a-2018.png\" alt=\"\" width=\"733\" height=\"409\" srcset=\"https:\/\/portosdosacores.pt\/wp-content\/uploads\/2019\/10\/pax-2010-a-2018.png 1054w, https:\/\/portosdosacores.pt\/wp-content\/uploads\/2019\/10\/pax-2010-a-2018-300x167.png 300w, https:\/\/portosdosacores.pt\/wp-content\/uploads\/2019\/10\/pax-2010-a-2018-768x428.png 768w, https:\/\/portosdosacores.pt\/wp-content\/uploads\/2019\/10\/pax-2010-a-2018-1024x571.png 1024w\" sizes=\"(max-width: 733px) 100vw, 733px\" \/><\/p>\n<p>&nbsp;<\/p>\n<p><img loading=\"lazy\" class=\"aligncenter size-full wp-image-2114\" src=\"http:\/\/portosdosacores.pt\/wp-content\/uploads\/2019\/10\/tabela-pax.png\" alt=\"\" width=\"310\" height=\"402\" srcset=\"https:\/\/portosdosacores.pt\/wp-content\/uploads\/2019\/10\/tabela-pax.png 310w, https:\/\/portosdosacores.pt\/wp-content\/uploads\/2019\/10\/tabela-pax-231x300.png 231w\" sizes=\"(max-width: 310px) 100vw, 310px\" \/><\/p>\n<p>&nbsp;<\/p>\n","protected":false},"excerpt":{"rendered":"<p>Escalas O segmento dos navios de cruzeiros na Regi\u00e3o Aut\u00f3noma dos A\u00e7ores tem vindo a apresentar uma tend\u00eancia crescente nos \u00faltimos 10 anos, conforme demonstra o gr\u00e1fico do n\u00famero de escalas deste tipo de navios abaixo apresentado: &nbsp; &nbsp; Movimento de Passageiros A acompanhar o crescimento do n\u00famero de escalas, tamb\u00e9m se tem assistido ao [&hellip;]<\/p>\n","protected":false},"author":2,"featured_media":0,"parent":0,"menu_order":0,"comment_status":"closed","ping_status":"closed","template":"","meta":[],"_links":{"self":[{"href":"https:\/\/portosdosacores.pt\/en\/wp-json\/wp\/v2\/pages\/2707"}],"collection":[{"href":"https:\/\/portosdosacores.pt\/en\/wp-json\/wp\/v2\/pages"}],"about":[{"href":"https:\/\/portosdosacores.pt\/en\/wp-json\/wp\/v2\/types\/page"}],"author":[{"embeddable":true,"href":"https:\/\/portosdosacores.pt\/en\/wp-json\/wp\/v2\/users\/2"}],"replies":[{"embeddable":true,"href":"https:\/\/portosdosacores.pt\/en\/wp-json\/wp\/v2\/comments?post=2707"}],"version-history":[{"count":1,"href":"https:\/\/portosdosacores.pt\/en\/wp-json\/wp\/v2\/pages\/2707\/revisions"}],"predecessor-version":[{"id":2708,"href":"https:\/\/portosdosacores.pt\/en\/wp-json\/wp\/v2\/pages\/2707\/revisions\/2708"}],"wp:attachment":[{"href":"https:\/\/portosdosacores.pt\/en\/wp-json\/wp\/v2\/media?parent=2707"}],"curies":[{"name":"wp","href":"https:\/\/api.w.org\/{rel}","templated":true}]}}