{"id":35,"date":"2019-05-09T15:15:16","date_gmt":"2019-05-09T15:15:16","guid":{"rendered":"http:\/\/portosdosacores.pt\/en\/port-authority\/visao-missao-e-valores\/"},"modified":"2019-11-28T10:23:22","modified_gmt":"2019-11-28T10:23:22","slug":"vision-mission-and-values","status":"publish","type":"page","link":"https:\/\/portosdosacores.pt\/en\/port-authority\/vision-mission-and-values\/","title":{"rendered":"Vision, Mission and Values"},"content":{"rendered":"<p>A Portos dos A\u00e7ores, S.A. (PA) tem por objeto a administra\u00e7\u00e3o dos portos comerciais da Regi\u00e3o Aut\u00f3noma dos A\u00e7ores, visando a sua explora\u00e7\u00e3o, conserva\u00e7\u00e3o, desenvolvimento e abrangendo o exerc\u00edcio das compet\u00eancias e prerrogativas de autoridade portu\u00e1ria que lhe estejam ou venham a estar cometidas.<\/p>\n<p>A empresa resulta da fus\u00e3o de tr\u00eas administra\u00e7\u00f5es portu\u00e1rias (Administra\u00e7\u00e3o dos Portos das Ilhas de S\u00e3o Miguel e Santa Maria, S.A., Administra\u00e7\u00e3o dos Portos da Terceira e Graciosa, S.A. e Administra\u00e7\u00e3o dos Portos do Tri\u00e2ngulo e Grupo Ocidental, S.A.), ocorrida em agosto de 2011.<\/p>\n<p>O ano de 2012 correspondeu ao primeiro exerc\u00edcio completo da PA ap\u00f3s a fus\u00e3o referida no par\u00e1grafo anterior, por via da publica\u00e7\u00e3o do Decreto Legislativo Regional n.\u00ba 24\/2011\/A de 22 de agosto.<\/p>\n<p>A PA, seja pela dispers\u00e3o da sua zona de jurisdi\u00e7\u00e3o, estendida a todas as ilhas do arquip\u00e9lago, seja pelo volume de neg\u00f3cios, ou ainda pelo valor patrimonial, possui uma dimens\u00e3o singular no contexto portu\u00e1rio nacional.<\/p>\n<p>A PA assume uma import\u00e2ncia \u00edmpar no contexto empresarial e da sociedade em geral da Regi\u00e3o Aut\u00f3noma dos A\u00e7ores, pois mais de 98% dos bens que entram anualmente na Regi\u00e3o fazem-no atrav\u00e9s das infraestruturas portu\u00e1rias.<\/p>\n<p>Anualmente utilizam as infraestruturas portu\u00e1rias para se movimentarem entre ilhas mais de um milh\u00e3o de passageiros, e na tipologia de navios de cruzeiro foram j\u00e1 ultrapassadas as 100 escalas de navios e 100.000 passageiros no conjunto dos portos sob a gest\u00e3o da PA.<\/p>\n<p>No que se refere \u00e0 n\u00e1utica de recreio \u00e9 tamb\u00e9m expressivo o crescimento neste segmento de neg\u00f3cio, tendo j\u00e1 ultrapassado o registo anual de 4.000 escalas de embarca\u00e7\u00f5es n\u00e3o locais no conjunto das marinas e n\u00facleos de recreio n\u00e1utico sob jurisdi\u00e7\u00e3o da PA.<\/p>\n<p>Em termos organizacionais, a PA, encontra-se segmentada em tr\u00eas Dire\u00e7\u00f5es-Gerais (Dire\u00e7\u00e3o Geral dos Portos de S. Miguel e Santa Maria-DGPSM; Dire\u00e7\u00e3o Geral dos Portos da Terceira e Graciosa-DGPTG; Dire\u00e7\u00e3o Geral dos Portos das Ilhas do Tri\u00e2ngulo e Grupo Ocidental-DGPTO), contemplando, no total, cerca de 270 trabalhadores.<\/p>\n<p>Apresentam-se como\u00a0<strong>principais infraestruturas sob jurisdi\u00e7\u00e3o da PA<\/strong>\u00a0os seguintes portos, marinas e n\u00facleos de recreio n\u00e1utico:<\/p>\n<ul>\n<li><strong>Portos:<\/strong>\n<ul>\n<li>Porto de Ponta Delgada (Ilha de S. Miguel);<\/li>\n<li>Porto de Vila do Porto (Ilha de Santa Maria);<\/li>\n<li>Porto da Praia da Vit\u00f3ria (Ilha Terceira);<\/li>\n<li>Porto das Pipas (Ilha Terceira);<\/li>\n<li>Porto da Praia da Graciosa (Ilha Graciosa);<\/li>\n<li>Porto de S\u00e3o Roque do Pico (Ilha do Pico);<\/li>\n<li>Porto da Madalena do Pico (Ilha do Pico);<\/li>\n<li>Porto das Lajes do Pico (Ilha do Pico);<\/li>\n<li>Porto da Horta (Ilha do Faial);<\/li>\n<li>Porto de Velas de S\u00e3o Jorge (Ilha de S. Jorge);<\/li>\n<li>Porto da Calheta de S\u00e3o Jorge (Ilha de S. Jorge);<\/li>\n<li>Porto das Lajes das Flores (Ilha das Flores);<\/li>\n<li>Porto de Santa Cruz das Flores (Ilha das Flores);<\/li>\n<li>Porto da Casa (Ilha do Corvo).<\/li>\n<\/ul>\n<\/li>\n<\/ul>\n<ul>\n<li><strong>Marinas e n\u00facleos de recreio n\u00e1utico:<\/strong>\n<ul>\n<li>Marina de Ponta Delgada (Ilha de S. Miguel);<\/li>\n<li>Marina de Vila do Porto (Ilha de Santa Maria);<\/li>\n<li>Marina de Angra do Hero\u00edsmo (Ilha Terceira);<\/li>\n<li>Marina da Horta (Ilha do Faial);<\/li>\n<li>N\u00facleo de recreio n\u00e1utico das Lajes do Pico (Ilha do Pico);<\/li>\n<li>Marina das Velas (Ilha de S. Jorge);<\/li>\n<li>N\u00facleo de recreio n\u00e1utico de Santa Cruz das Flores (Ilha das Flores).<\/li>\n<\/ul>\n<\/li>\n<\/ul>\n<p>A PA, no \u00e2mbito da sua atividade, desenvolve ainda iniciativas com vista \u00e0 promo\u00e7\u00e3o da igualdade de oportunidades entre homens e mulheres e da concilia\u00e7\u00e3o entre a vida profissional, familiar e pessoal.<\/p>\n<p>Enquanto organiza\u00e7\u00e3o, a PA definiu a Vis\u00e3o e a Miss\u00e3o abaixo definida, e os Valores da organiza\u00e7\u00e3o.<\/p>\n","protected":false},"excerpt":{"rendered":"<p>A Portos dos A\u00e7ores, S.A. (PA) tem por objeto a administra\u00e7\u00e3o dos portos comerciais da Regi\u00e3o Aut\u00f3noma dos A\u00e7ores, visando a sua explora\u00e7\u00e3o, conserva\u00e7\u00e3o, desenvolvimento e abrangendo o exerc\u00edcio das compet\u00eancias e prerrogativas de autoridade portu\u00e1ria que lhe estejam ou venham a estar cometidas. A empresa resulta da fus\u00e3o de tr\u00eas administra\u00e7\u00f5es portu\u00e1rias (Administra\u00e7\u00e3o dos [&hellip;]<\/p>\n","protected":false},"author":1,"featured_media":0,"parent":18,"menu_order":1,"comment_status":"closed","ping_status":"closed","template":"page-missaovisaovalores.php","meta":[],"_links":{"self":[{"href":"https:\/\/portosdosacores.pt\/en\/wp-json\/wp\/v2\/pages\/35"}],"collection":[{"href":"https:\/\/portosdosacores.pt\/en\/wp-json\/wp\/v2\/pages"}],"about":[{"href":"https:\/\/portosdosacores.pt\/en\/wp-json\/wp\/v2\/types\/page"}],"author":[{"embeddable":true,"href":"https:\/\/portosdosacores.pt\/en\/wp-json\/wp\/v2\/users\/1"}],"replies":[{"embeddable":true,"href":"https:\/\/portosdosacores.pt\/en\/wp-json\/wp\/v2\/comments?post=35"}],"version-history":[{"count":7,"href":"https:\/\/portosdosacores.pt\/en\/wp-json\/wp\/v2\/pages\/35\/revisions"}],"predecessor-version":[{"id":2684,"href":"https:\/\/portosdosacores.pt\/en\/wp-json\/wp\/v2\/pages\/35\/revisions\/2684"}],"up":[{"embeddable":true,"href":"https:\/\/portosdosacores.pt\/en\/wp-json\/wp\/v2\/pages\/18"}],"wp:attachment":[{"href":"https:\/\/portosdosacores.pt\/en\/wp-json\/wp\/v2\/media?parent=35"}],"curies":[{"name":"wp","href":"https:\/\/api.w.org\/{rel}","templated":true}]}}