{"id":72,"date":"2019-05-09T16:09:32","date_gmt":"2019-05-09T16:09:32","guid":{"rendered":"http:\/\/portosdosacores.pt\/en\/port-authority\/plano-de-riscos-de-corrupcao\/"},"modified":"2019-11-28T10:29:44","modified_gmt":"2019-11-28T10:29:44","slug":"corruption-risk-plan","status":"publish","type":"page","link":"https:\/\/portosdosacores.pt\/en\/port-authority\/corruption-risk-plan\/","title":{"rendered":"Corruption Risk Plan"},"content":{"rendered":"<p>Decorrente da Recomenda\u00e7\u00e3o do Conselho de Preven\u00e7\u00e3o da Corrup\u00e7\u00e3o, para que os \u00f3rg\u00e3os dirigentes m\u00e1ximos das entidades gestoras de dinheiros, valores ou patrim\u00f3nio p\u00fablicos, seja qual for a sua natureza, preparassem e apresentassem planos de gest\u00e3o de riscos de corrup\u00e7\u00e3o e infrac\u00e7\u00f5es conexas, entendeu o Conselho de Administra\u00e7\u00e3o da Portos dos A\u00e7ores, S.A. apresentar, para o universo das empresas participadas de capitais exclusivamente p\u00fablicos, o seu Plano de Gest\u00e3o de Riscos de Corrup\u00e7\u00e3o e Infrac\u00e7\u00f5es Conexas:<\/p>\n<p><a href=\"http:\/\/portosdosacores.pt\/wp-content\/uploads\/2019\/07\/PGRCIC_PA_v01.pdf\" target=\"_blank\" rel=\"noopener noreferrer\">Plano de Preven\u00e7\u00e3o de Riscos de Corrup\u00e7\u00e3o e Infra\u00e7\u00f5es Conexas<\/a><\/p>\n<p>Ao faz\u00ea-lo est\u00e1 consciente de que a corrup\u00e7\u00e3o \u00e9 um mal que n\u00e3o s\u00f3 importa debelar, mas sobretudo prevenir e evitar, por se tratar de um s\u00e9rio obst\u00e1culo ao normal funcionamento das institui\u00e7\u00f5es e ao desej\u00e1vel desenvolvimento das economias e \u00e0 normal actividade dos mercados.<\/p>\n<p>Como anexo do Plano, est\u00e1 o\u00a0 C\u00f3digo de \u00c9tica e Conduta da Portos dos A\u00e7ores, S.A. que se aplica a todos os aspetos relacionados com a atividade da empresa, desde as estrat\u00e9gias de gest\u00e3o de topo at\u00e9 \u00e0 forma como a empresa e os seus trabalhadores e suas trabalhadoras tratam as partes interessadas. Fundamentalmente, trata do sistema de valores que orientam o comportamento desta Autoridade Portu\u00e1ria.<\/p>\n<p>O C\u00f3digo de \u00c9tica e de Conduta aplica-se a todas as pessoas que trabalham na empresa, bem como a aqueles e aquelas que, em algum momento, actuem em nome da mesma.<\/p>\n","protected":false},"excerpt":{"rendered":"<p>Decorrente da Recomenda\u00e7\u00e3o do Conselho de Preven\u00e7\u00e3o da Corrup\u00e7\u00e3o, para que os \u00f3rg\u00e3os dirigentes m\u00e1ximos das entidades gestoras de dinheiros, valores ou patrim\u00f3nio p\u00fablicos, seja qual for a sua natureza, preparassem e apresentassem planos de gest\u00e3o de riscos de corrup\u00e7\u00e3o e infrac\u00e7\u00f5es conexas, entendeu o Conselho de Administra\u00e7\u00e3o da Portos dos A\u00e7ores, S.A. apresentar, para [&hellip;]<\/p>\n","protected":false},"author":1,"featured_media":0,"parent":18,"menu_order":0,"comment_status":"closed","ping_status":"closed","template":"","meta":[],"_links":{"self":[{"href":"https:\/\/portosdosacores.pt\/en\/wp-json\/wp\/v2\/pages\/72"}],"collection":[{"href":"https:\/\/portosdosacores.pt\/en\/wp-json\/wp\/v2\/pages"}],"about":[{"href":"https:\/\/portosdosacores.pt\/en\/wp-json\/wp\/v2\/types\/page"}],"author":[{"embeddable":true,"href":"https:\/\/portosdosacores.pt\/en\/wp-json\/wp\/v2\/users\/1"}],"replies":[{"embeddable":true,"href":"https:\/\/portosdosacores.pt\/en\/wp-json\/wp\/v2\/comments?post=72"}],"version-history":[{"count":3,"href":"https:\/\/portosdosacores.pt\/en\/wp-json\/wp\/v2\/pages\/72\/revisions"}],"predecessor-version":[{"id":2688,"href":"https:\/\/portosdosacores.pt\/en\/wp-json\/wp\/v2\/pages\/72\/revisions\/2688"}],"up":[{"embeddable":true,"href":"https:\/\/portosdosacores.pt\/en\/wp-json\/wp\/v2\/pages\/18"}],"wp:attachment":[{"href":"https:\/\/portosdosacores.pt\/en\/wp-json\/wp\/v2\/media?parent=72"}],"curies":[{"name":"wp","href":"https:\/\/api.w.org\/{rel}","templated":true}]}}