{"id":790,"date":"2019-05-10T11:10:21","date_gmt":"2019-05-10T11:10:21","guid":{"rendered":"http:\/\/portosdosacores.pt\/en\/communication\/hiperligacoes-uteis\/"},"modified":"2021-06-14T15:23:11","modified_gmt":"2021-06-14T15:23:11","slug":"useful-links","status":"publish","type":"page","link":"https:\/\/portosdosacores.pt\/en\/communication\/useful-links\/","title":{"rendered":"Useful Links"},"content":{"rendered":"<p>As seguintes hiperliga\u00e7\u00f5es complementam toda a informa\u00e7\u00e3o dispon\u00edvel neste s\u00edtio web:<\/p>\n","protected":false},"excerpt":{"rendered":"<p>As seguintes hiperliga\u00e7\u00f5es complementam toda a informa\u00e7\u00e3o dispon\u00edvel neste s\u00edtio web:<\/p>\n","protected":false},"author":1,"featured_media":0,"parent":183,"menu_order":9,"comment_status":"closed","ping_status":"closed","template":"page-hiperligacoes.php","meta":[],"_links":{"self":[{"href":"https:\/\/portosdosacores.pt\/en\/wp-json\/wp\/v2\/pages\/790"}],"collection":[{"href":"https:\/\/portosdosacores.pt\/en\/wp-json\/wp\/v2\/pages"}],"about":[{"href":"https:\/\/portosdosacores.pt\/en\/wp-json\/wp\/v2\/types\/page"}],"author":[{"embeddable":true,"href":"https:\/\/portosdosacores.pt\/en\/wp-json\/wp\/v2\/users\/1"}],"replies":[{"embeddable":true,"href":"https:\/\/portosdosacores.pt\/en\/wp-json\/wp\/v2\/comments?post=790"}],"version-history":[{"count":5,"href":"https:\/\/portosdosacores.pt\/en\/wp-json\/wp\/v2\/pages\/790\/revisions"}],"predecessor-version":[{"id":4412,"href":"https:\/\/portosdosacores.pt\/en\/wp-json\/wp\/v2\/pages\/790\/revisions\/4412"}],"up":[{"embeddable":true,"href":"https:\/\/portosdosacores.pt\/en\/wp-json\/wp\/v2\/pages\/183"}],"wp:attachment":[{"href":"https:\/\/portosdosacores.pt\/en\/wp-json\/wp\/v2\/media?parent=790"}],"curies":[{"name":"wp","href":"https:\/\/api.w.org\/{rel}","templated":true}]}}