{"id":797,"date":"2019-05-10T11:08:55","date_gmt":"2019-05-10T11:08:55","guid":{"rendered":"http:\/\/portosdosacores.pt\/en\/communication\/portas-do-mar\/"},"modified":"2019-11-28T11:28:53","modified_gmt":"2019-11-28T11:28:53","slug":"portas-do-mar","status":"publish","type":"page","link":"https:\/\/portosdosacores.pt\/en\/communication\/portas-do-mar\/","title":{"rendered":"Portas do Mar"},"content":{"rendered":"<p>O empreendimento Portas do Mar, inaugurado a 5 de Julho de 2008, \u00e9 uma refer\u00eancia e afirma\u00e7\u00e3o dos A\u00e7ores no turismo nacional e internacional, sendo tamb\u00e9m um marco hist\u00f3rico na cidade de Ponta Delgada pela requalifica\u00e7\u00e3o da sua frente mar\u00edtima, virando-a para o mar.<\/p>\n<p>Esta nova zona de lazer e de com\u00e9rcio diversificado veio proporcionar aos cidad\u00e3os locais e aos visitantes dos A\u00e7ores uma agrad\u00e1vel experi\u00eancia junto ao Atl\u00e2ntico.<\/p>\n<p>Trata-se de um empreendimento com m\u00faltiplas val\u00eancias, composto por uma galeria comercial com diversas lojas e restaurantes, um terminal mar\u00edtimo de passageiros, um cais de cruzeiros, um cais de ferries, uma nova marina de n\u00e1utica de recreio, um pavilh\u00e3o multi-usos, uma piscina oce\u00e2nica, um passeio mar\u00edtimo com jardins, um parque de estacionamento e um anfiteatro ao ar livre.<\/p>\n<p>Embora o empreendimento se situe numa \u00e1rea sob jurisdi\u00e7\u00e3o da Portos dos A\u00e7ores, S.A., a entidade respons\u00e1vel pela sua gest\u00e3o direta \u00e9 a \u201cGPM\u201d \u2013 Gest\u00e3o das Portas do Mar, cujos contatos s\u00e3o:<\/p>\n<p>Morada: Gare Mar\u00edtima das Portas do Mar<br \/>\nE-mail:\u00a0<a href=\"mailto:gpm@normazores.com\">gpm@normazores.com<\/a><br \/>\nWebsite:\u00a0<a href=\"http:\/\/www.portasdomar.pt\/\" target=\"_blank\" rel=\"noopener noreferrer\">http:\/\/www.portasdomar.pt<\/a><br \/>\nTelefone: 296 629 424\/5<br \/>\nTelem\u00f3vel 24h: 926 789 623 (apenas para situa\u00e7\u00f5es de emerg\u00eancia)<br \/>\nFax: 296 629 426<\/p>\n<p>\u200b<\/p>\n","protected":false},"excerpt":{"rendered":"<p>O empreendimento Portas do Mar, inaugurado a 5 de Julho de 2008, \u00e9 uma refer\u00eancia e afirma\u00e7\u00e3o dos A\u00e7ores no turismo nacional e internacional, sendo tamb\u00e9m um marco hist\u00f3rico na cidade de Ponta Delgada pela requalifica\u00e7\u00e3o da sua frente mar\u00edtima, virando-a para o mar. Esta nova zona de lazer e de com\u00e9rcio diversificado veio proporcionar [&hellip;]<\/p>\n","protected":false},"author":1,"featured_media":0,"parent":183,"menu_order":10,"comment_status":"closed","ping_status":"closed","template":"","meta":[],"_links":{"self":[{"href":"https:\/\/portosdosacores.pt\/en\/wp-json\/wp\/v2\/pages\/797"}],"collection":[{"href":"https:\/\/portosdosacores.pt\/en\/wp-json\/wp\/v2\/pages"}],"about":[{"href":"https:\/\/portosdosacores.pt\/en\/wp-json\/wp\/v2\/types\/page"}],"author":[{"embeddable":true,"href":"https:\/\/portosdosacores.pt\/en\/wp-json\/wp\/v2\/users\/1"}],"replies":[{"embeddable":true,"href":"https:\/\/portosdosacores.pt\/en\/wp-json\/wp\/v2\/comments?post=797"}],"version-history":[{"count":2,"href":"https:\/\/portosdosacores.pt\/en\/wp-json\/wp\/v2\/pages\/797\/revisions"}],"predecessor-version":[{"id":2702,"href":"https:\/\/portosdosacores.pt\/en\/wp-json\/wp\/v2\/pages\/797\/revisions\/2702"}],"up":[{"embeddable":true,"href":"https:\/\/portosdosacores.pt\/en\/wp-json\/wp\/v2\/pages\/183"}],"wp:attachment":[{"href":"https:\/\/portosdosacores.pt\/en\/wp-json\/wp\/v2\/media?parent=797"}],"curies":[{"name":"wp","href":"https:\/\/api.w.org\/{rel}","templated":true}]}}