{"id":82,"date":"2019-05-09T15:23:16","date_gmt":"2019-05-09T15:23:16","guid":{"rendered":"http:\/\/portosdosacores.pt\/en\/port-authority\/estatutos\/"},"modified":"2019-11-28T10:20:58","modified_gmt":"2019-11-28T10:20:58","slug":"statutes","status":"publish","type":"page","link":"https:\/\/portosdosacores.pt\/en\/port-authority\/statutes\/","title":{"rendered":"Statutes"},"content":{"rendered":"<p>A\u00a0<strong>Porto<\/strong><strong>s<\/strong><strong>\u00a0dos A\u00e7ores, S.A.<\/strong>, tem por objecto a administra\u00e7\u00e3o dos portos de Ponta Delgada, na ilha de S\u00e3o Miguel, de Vila do Porto, na ilha de Santa Maria, da Praia da Vit\u00f3ria e Pipas, na ilha Terceira, da Praia, na ilha Graciosa, da Horta, na ilha do Faial, de S\u00e3o Roque, da Madalena e das Lajes, na ilha do Pico, de Velas e da Calheta, na ilha de S\u00e3o Jorge, das Lajes e Santa Cruz, na ilha das Flores, e da Casa, na ilha do Corvo, e de outros que lhe venham a ser atribu\u00eddos, visando a sua explora\u00e7\u00e3o, conserva\u00e7\u00e3o e desenvolvimento e abrangendo o exerc\u00edcio das compet\u00eancias e prerrogativas de autoridade portu\u00e1ria que lhe estejam ou venham a estar cometidas.<\/p>\n<p>Esta Administra\u00e7\u00e3o Portu\u00e1ria est\u00e1 assente numa sociedade por ac\u00e7\u00f5es que tem como accionista \u00fanico a Regi\u00e3o Aut\u00f3noma dos A\u00e7ores, constitu\u00edda em 23 de Agosto de 2011, com sede na Avenida Gago Coutinho e Sacadura Cabral, n.\u00ba 7, 9900-062 Horta, NIPC 512 077 843 e CAE 74150.<\/p>\n<p>Enquanto empresa p\u00fablica, resulta da fus\u00e3o por incorpora\u00e7\u00e3o das antigas tr\u00eas administra\u00e7\u00f5es portu\u00e1rias regionais (APSM, S.A.; APTG, S.A. e APTO, S.A.) na ent\u00e3o denominada Portos dos A\u00e7ores, SGPS, S.A., que havia sido criada pelo\u00a0<a href=\"http:\/\/dre.pt\/application\/file\/a\/693545\">Decreto Legislativo Regional n.\u00ba 30\/2003\/A, de 27 de junho<\/a>, sucedendo-se \u00e0s antigas juntas aut\u00f3nomas dos portos regionais.<\/p>\n<p>A sociedade est\u00e1 enquadrada no regulamento do Sistema Portu\u00e1rio Regional, aprovado pelo\u00a0<a href=\"http:\/\/dre.pt\/pdf1sdip\/2011\/08\/16000\/0429404316.pdf\">Decreto Legislativo Regional n.\u00ba 24\/2011\/A, de\u00a022 de agosto<\/a>, o qual consagra as normas que regulamentam a actividade da administra\u00e7\u00e3o portu\u00e1ria, bem como os\u00a0<strong>estatutos<\/strong>\u00a0pelos quais esta administra\u00e7\u00e3o portu\u00e1ria se rege (<em>vide\u00a0<\/em>Anexo I do diploma).<\/p>\n<p>A sociedade tem um capital social integralmente subscrito e realizado em numer\u00e1rio e esp\u00e9cie pela Regi\u00e3o Aut\u00f3noma dos A\u00e7ores de \u20ac 40 238 700, o qual se encontra dividido em 402 387 ac\u00e7\u00f5es, com um valor nominal de \u20ac 100 cada, e tem como \u00f3rg\u00e3os sociais: a assembleia geral, o conselho de administra\u00e7\u00e3o e o conselho fiscal, bem como o revisor oficial de contas, com as compet\u00eancias fixadas na lei e nos Estatutos.<\/p>\n<p>A composi\u00e7\u00e3o dos \u00f3rg\u00e3os sociais para o tri\u00e9nio 2018\/2021, eleitos em Assembleia Geral, por proposta do accionista (Regi\u00e3o Aut\u00f3noma dos A\u00e7ores) \u00e9 a seguinte:<\/p>\n<p><strong>Conselho de Administra\u00e7\u00e3o<\/strong><\/p>\n<ul>\n<li>\n<ul>\n<li>Presidente \u2013 Miguel Ant\u00f3nio Moniz da Costa<\/li>\n<li>Vogal \u2013 Jo\u00e3o Manuel Enes Garcia de Vargas<\/li>\n<li>Vogal \u2013 Lu\u00eds Manuel Pinheiro Machado da Luz<\/li>\n<\/ul>\n<\/li>\n<\/ul>\n<p><strong>Mesa da Assembleia Geral<\/strong><\/p>\n<ul>\n<li>\n<ul>\n<li>Presidente \u2013 Jos\u00e9 Carlos Faria da C\u00e2mara<\/li>\n<li>Secret\u00e1rio \u2013 Pedro Nuno Teixeira Corvelo<\/li>\n<\/ul>\n<\/li>\n<\/ul>\n<p><strong>Conselho Fiscal<\/strong><\/p>\n<ul>\n<li>\n<ul>\n<li>Presidente \u2013 Duarte F\u00e9lix Tavares Giesta<\/li>\n<li>Vogal Efetiva \u2013 Maria Jo\u00e3o Cordeiro Rodrigues<\/li>\n<li>Vogal Efetiva \u2013 Vera Silva Amaro<\/li>\n<li>Vogal Suplente \u2013 Marco Ant\u00f3nio Fernando Chaves<\/li>\n<li>Vogal Suplente \u2013 Celestina Filomena Gon\u00e7alves Oliveira<\/li>\n<\/ul>\n<\/li>\n<\/ul>\n<p>Os \u00f3rg\u00e3os sociais da Portos dos A\u00e7ores, S.A. eleitos iniciaram as suas fun\u00e7\u00f5es, formalmente, a 22 de Outubro de 2018 e os seus membros consideram-se investidos logo que tenham sido eleitos e permanecem no exerc\u00edcio das suas fun\u00e7\u00f5es at\u00e9 \u00e0 designa\u00e7\u00e3o de quem os deva substituir.<\/p>\n<p>O revisor oficial de contas foi eleito pela Assembleia Geral, por proposta do Conselho Fiscal, a 5 de fevereiro de 2019.<\/p>\n<p><strong>Revisor Oficial de Contas<\/strong><\/p>\n<ul>\n<li>\n<ul>\n<li>UHY &amp; Associados, SROC, Lda., representada por Manuel Lu\u00eds Fernandes Branco, ROC 652.<\/li>\n<\/ul>\n<\/li>\n<\/ul>\n<p>A Portos dos A\u00e7ores, S.A. mant\u00e9m ainda um conjunto de participa\u00e7\u00f5es noutras sociedades comerciais, a saber:<\/p>\n<ul>\n<li><strong>Naval-Canal, Estaleiros de Constru\u00e7\u00e3o e Repara\u00e7\u00e3o Naval, Lda.<\/strong>\u00a0\u00a0(100%) | Sede \u2013 Madalena do Pico<\/li>\n<li><strong>Atl\u00e2nticoline, S.A.<\/strong>\u00a0(83,97%) |\u00a0Sede \u2013 Horta<\/li>\n<li><strong>AGESPI\u00a0<\/strong>(25%) | Sede \u2013 Praia da Vit\u00f3ria<\/li>\n<li><strong>OPERPDL\u00a0<\/strong>(20%) |\u00a0Sede \u2013 Ponta Delgada<\/li>\n<li><strong>OPERTERCEIRA\u00a0<\/strong>(20%) | Sede \u2013 Praia da Vit\u00f3ria<\/li>\n<li><strong>OPERTRI\u00a0<\/strong>(20%) | Sede \u2013 Horta<\/li>\n<\/ul>\n<p>&nbsp;<\/p>\n","protected":false},"excerpt":{"rendered":"<p>A\u00a0Portos\u00a0dos A\u00e7ores, S.A., tem por objecto a administra\u00e7\u00e3o dos portos de Ponta Delgada, na ilha de S\u00e3o Miguel, de Vila do Porto, na ilha de Santa Maria, da Praia da Vit\u00f3ria e Pipas, na ilha Terceira, da Praia, na ilha Graciosa, da Horta, na ilha do Faial, de S\u00e3o Roque, da Madalena e das Lajes, [&hellip;]<\/p>\n","protected":false},"author":1,"featured_media":0,"parent":18,"menu_order":3,"comment_status":"closed","ping_status":"closed","template":"page-estatutos.php","meta":[],"_links":{"self":[{"href":"https:\/\/portosdosacores.pt\/en\/wp-json\/wp\/v2\/pages\/82"}],"collection":[{"href":"https:\/\/portosdosacores.pt\/en\/wp-json\/wp\/v2\/pages"}],"about":[{"href":"https:\/\/portosdosacores.pt\/en\/wp-json\/wp\/v2\/types\/page"}],"author":[{"embeddable":true,"href":"https:\/\/portosdosacores.pt\/en\/wp-json\/wp\/v2\/users\/1"}],"replies":[{"embeddable":true,"href":"https:\/\/portosdosacores.pt\/en\/wp-json\/wp\/v2\/comments?post=82"}],"version-history":[{"count":4,"href":"https:\/\/portosdosacores.pt\/en\/wp-json\/wp\/v2\/pages\/82\/revisions"}],"predecessor-version":[{"id":2682,"href":"https:\/\/portosdosacores.pt\/en\/wp-json\/wp\/v2\/pages\/82\/revisions\/2682"}],"up":[{"embeddable":true,"href":"https:\/\/portosdosacores.pt\/en\/wp-json\/wp\/v2\/pages\/18"}],"wp:attachment":[{"href":"https:\/\/portosdosacores.pt\/en\/wp-json\/wp\/v2\/media?parent=82"}],"curies":[{"name":"wp","href":"https:\/\/api.w.org\/{rel}","templated":true}]}}