{"id":95,"date":"2019-05-09T16:04:53","date_gmt":"2019-05-09T16:04:53","guid":{"rendered":"http:\/\/portosdosacores.pt\/en\/port-authority\/areas-de-jurisdicao\/"},"modified":"2019-11-28T10:24:20","modified_gmt":"2019-11-28T10:24:20","slug":"areas-of-jurisdiction","status":"publish","type":"page","link":"https:\/\/portosdosacores.pt\/en\/port-authority\/areas-of-jurisdiction\/","title":{"rendered":"Areas of Jurisdiction"},"content":{"rendered":"<p>De acordo com o defini\u00e7\u00e3o na legisla\u00e7\u00e3o em vigor, a Portos dos A\u00e7ores, S.A. possui, enquanto Autoridade Portu\u00e1ria, as suas pr\u00f3prias \u00e1reas de jurisdi\u00e7\u00e3o, as quais abrangem territ\u00f3rio do Dom\u00ednio P\u00fablico Regional e territ\u00f3rio do Dom\u00ednio P\u00fablico Mar\u00edtimo, bem como terrenos da sua propriedade.<\/p>\n<p>A Portos dos A\u00e7ores, S.A. prossegue o seu objecto e atribui\u00e7\u00f5es no \u00e2mbito das \u00e1reas de jurisdi\u00e7\u00e3o mar\u00edtimas e terrestres cuja caracteriza\u00e7\u00e3o geogr\u00e1fica se identifica nos termos do\u00a0<strong>Anexo II\u00a0<\/strong>\u00a0ao\u00a0<a href=\"https:\/\/dre.pt\/application\/dir\/pdf1sdip\/2011\/08\/16000\/0429404316.pdf\">Decreto Legislativo Regional n.\u00ba 24\/2011\/A<\/a>, de 22 de agosto, que dele faz parte integrante, e nas cartas e plantas anexas aos respectivos regulamentos de explora\u00e7\u00e3o de cada porto.<\/p>\n<p>.As referidas \u00e1reas de jurisdi\u00e7\u00e3o da Portos dos A\u00e7ores, S.A.est\u00e3o delineadas nos mapas seguintes:<\/p>\n<p>&nbsp;<\/p>\n<p><strong>Grupo Oriental<\/strong><\/p>\n<ul>\n<li>Maria\n<ul>\n<li><a href=\"http:\/\/intranet\/files\/SINCO\/Area_Jurisdicao_PA\/Limites_VDP.pdf\">Porto de Vila do Porto<\/a><\/li>\n<li><a href=\"http:\/\/intranet\/files\/SINCO\/Area_Jurisdicao_PA\/VDP_final1.pdf\">Dom\u00ednio P\u00fablico Mar\u00edtimo &#8211; \u00c1rea dos 50m<\/a><\/li>\n<\/ul>\n<\/li>\n<li>Miguel\n<ul>\n<li><a href=\"http:\/\/intranet\/files\/SINCO\/Area_Jurisdicao_PA\/Limites_PDL.pdf\">Porto de Ponta Delgada<\/a><\/li>\n<li><a href=\"http:\/\/intranet\/files\/SINCO\/Area_Jurisdicao_PA\/PDL_Final.pdf\">Dom\u00ednio P\u00fablico Mar\u00edtimo &#8211; \u00c1rea dos 50m<\/a><\/li>\n<\/ul>\n<\/li>\n<\/ul>\n<p>&nbsp;<\/p>\n<p><strong>Grupo Central<\/strong><\/p>\n<ul>\n<li>Terceira\n<ul>\n<li>Porto da Praia da Vit\u00f3ria (em desenvolvimento)<\/li>\n<li>Porto de Angra do Hero\u00edsmo\/ Porto das Pipas (em desenvolvimento)<\/li>\n<\/ul>\n<\/li>\n<li>Graciosa\n<ul>\n<li>Porto da Praia da Graciosa (em desenvolvimento)<\/li>\n<\/ul>\n<\/li>\n<li>Jorge\n<ul>\n<li><a href=\"http:\/\/intranet\/files\/SINCO\/Area_Jurisdicao_PA\/Limites_Velas_Ilha_S_Jorge.pdf\">Porto das Velas<\/a><\/li>\n<li><a href=\"http:\/\/intranet\/files\/SINCO\/Area_Jurisdicao_PA\/Limites_CALHETA_Ilha_S_Jorge.pdf\">Porto da Calheta<\/a><\/li>\n<\/ul>\n<\/li>\n<li>Pico\n<ul>\n<li><a href=\"http:\/\/intranet\/files\/SINCO\/Area_Jurisdicao_PA\/Limites_SROQUE_ilha_do_Pico.pdf\">Porto de S. Roque<\/a><a href=\"http:\/\/intranet\/files\/SINCO\/Area_Jurisdicao_PA\/Limites_SROQUE_ilha_do_Pico.pdf\">do Pico<\/a><\/li>\n<li><a href=\"http:\/\/intranet\/files\/SINCO\/Area_Jurisdicao_PA\/Limites_lajes_ilha_do_Pico.pdf\">Porto das Lajes<\/a><a href=\"http:\/\/intranet\/files\/SINCO\/Area_Jurisdicao_PA\/Limites_lajes_ilha_do_Pico.pdf\">do Pico<\/a><\/li>\n<li><a href=\"http:\/\/intranet\/files\/SINCO\/Area_Jurisdicao_PA\/Limites_Madalena_ilha_do_Pico.pdf\">Porto da Madalena<\/a><\/li>\n<\/ul>\n<\/li>\n<li>Faial\n<ul>\n<li><a href=\"http:\/\/intranet\/files\/SINCO\/Area_Jurisdicao_PA\/LIMITES_HORTA.pdf\">Porto da Horta<\/a><\/li>\n<\/ul>\n<\/li>\n<\/ul>\n<p><strong>Grupo Ocidental<\/strong><\/p>\n<ul>\n<li>Flores\n<ul>\n<li><a href=\"http:\/\/intranet\/files\/SINCO\/Area_Jurisdicao_PA\/Limites_Poas_Flores.pdf\">Porto d<\/a><a href=\"http:\/\/intranet\/files\/SINCO\/Area_Jurisdicao_PA\/Limites_Poas_Flores.pdf\">e Santa Cruz das Flores<\/a><\/li>\n<li><a href=\"http:\/\/intranet\/files\/SINCO\/Area_Jurisdicao_PA\/Limites_Lajes_Flores.pdf\">Porto das Lajes<\/a><a href=\"http:\/\/intranet\/files\/SINCO\/Area_Jurisdicao_PA\/Limites_Lajes_Flores.pdf\">das Flores<\/a><\/li>\n<\/ul>\n<\/li>\n<li>Corvo\n<ul>\n<li><a href=\"http:\/\/intranet\/files\/SINCO\/Area_Jurisdicao_PA\/Limites_Corvo.pdf\">Porto d<\/a><a href=\"http:\/\/intranet\/files\/SINCO\/Area_Jurisdicao_PA\/Limites_Corvo.pdf\">o Corvo<\/a><a href=\"http:\/\/intranet\/files\/SINCO\/Area_Jurisdicao_PA\/Limites_Corvo.pdf\">\/ Porto da Casa<\/a><\/li>\n<\/ul>\n<\/li>\n<\/ul>\n","protected":false},"excerpt":{"rendered":"<p>De acordo com o defini\u00e7\u00e3o na legisla\u00e7\u00e3o em vigor, a Portos dos A\u00e7ores, S.A. possui, enquanto Autoridade Portu\u00e1ria, as suas pr\u00f3prias \u00e1reas de jurisdi\u00e7\u00e3o, as quais abrangem territ\u00f3rio do Dom\u00ednio P\u00fablico Regional e territ\u00f3rio do Dom\u00ednio P\u00fablico Mar\u00edtimo, bem como terrenos da sua propriedade. A Portos dos A\u00e7ores, S.A. prossegue o seu objecto e atribui\u00e7\u00f5es [&hellip;]<\/p>\n","protected":false},"author":1,"featured_media":0,"parent":18,"menu_order":0,"comment_status":"closed","ping_status":"closed","template":"page-areasdejurisdicao.php","meta":[],"_links":{"self":[{"href":"https:\/\/portosdosacores.pt\/en\/wp-json\/wp\/v2\/pages\/95"}],"collection":[{"href":"https:\/\/portosdosacores.pt\/en\/wp-json\/wp\/v2\/pages"}],"about":[{"href":"https:\/\/portosdosacores.pt\/en\/wp-json\/wp\/v2\/types\/page"}],"author":[{"embeddable":true,"href":"https:\/\/portosdosacores.pt\/en\/wp-json\/wp\/v2\/users\/1"}],"replies":[{"embeddable":true,"href":"https:\/\/portosdosacores.pt\/en\/wp-json\/wp\/v2\/comments?post=95"}],"version-history":[{"count":5,"href":"https:\/\/portosdosacores.pt\/en\/wp-json\/wp\/v2\/pages\/95\/revisions"}],"predecessor-version":[{"id":961,"href":"https:\/\/portosdosacores.pt\/en\/wp-json\/wp\/v2\/pages\/95\/revisions\/961"}],"up":[{"embeddable":true,"href":"https:\/\/portosdosacores.pt\/en\/wp-json\/wp\/v2\/pages\/18"}],"wp:attachment":[{"href":"https:\/\/portosdosacores.pt\/en\/wp-json\/wp\/v2\/media?parent=95"}],"curies":[{"name":"wp","href":"https:\/\/api.w.org\/{rel}","templated":true}]}}